{"id":298,"date":"2025-09-18T17:31:30","date_gmt":"2025-09-18T17:31:30","guid":{"rendered":"http:\/\/residencialmontesol.com\/?page_id=298"},"modified":"2025-09-18T17:40:50","modified_gmt":"2025-09-18T17:40:50","slug":"politica-de-cookies","status":"publish","type":"page","link":"https:\/\/residencialmontesol.com\/index.php\/politica-de-cookies\/","title":{"rendered":"Pol\u00edtica de Cookies"},"content":{"rendered":"<p>[et_pb_section fb_built=\u00bb1&#8243; _builder_version=\u00bb4.27.4&#8243; _module_preset=\u00bbdefault\u00bb global_colors_info=\u00bb{}\u00bb][et_pb_row _builder_version=\u00bb4.27.4&#8243; _module_preset=\u00bbdefault\u00bb global_colors_info=\u00bb{}\u00bb][et_pb_column type=\u00bb4_4&#8243; _builder_version=\u00bb4.27.4&#8243; _module_preset=\u00bbdefault\u00bb global_colors_info=\u00bb{}\u00bb][et_pb_post_title meta=\u00bboff\u00bb featured_image=\u00bboff\u00bb _builder_version=\u00bb4.27.4&#8243; _module_preset=\u00bbdefault\u00bb title_font_size=\u00bb30px\u00bb title_font_size_tablet=\u00bb30px\u00bb title_font_size_phone=\u00bb25px\u00bb title_font_size_last_edited=\u00bbon|phone\u00bb global_colors_info=\u00bb{}\u00bb][\/et_pb_post_title][et_pb_text _builder_version=\u00bb4.27.4&#8243; _module_preset=\u00bbdefault\u00bb global_colors_info=\u00bb{}\u00bb]<\/p>\n<p style=\"font-weight: 400;\">El objetivo de esta pol\u00edtica es informar a los interesados acerca de las cookies que emplea esta p\u00e1gina web, de conformidad con lo establecido en la Ley 34\/2002, de 11 de julio, de Servicios de la Sociedad de la Informaci\u00f3n y de Comercio Electr\u00f3nico,\u00a0 y el Reglamento (UE) 2016\/679 del Parlamento Europeo y del Consejo de 27 de abril de 2016.<\/p>\n<ul style=\"font-weight: 400;\">\n<li><strong>USO DE COOKIES. \u00bfQU\u00c9 SON LAS COOKIES?<\/strong><\/li>\n<\/ul>\n<p style=\"font-weight: 400;\">Las cookies son ficheros que se descargan en su Ordenador, Smartphone o Tablet al acceder a determinadas p\u00e1ginas web. La utilizaci\u00f3n de cookies ofrece numerosas ventajas en la prestaci\u00f3n de servicios de la Sociedad de la Informaci\u00f3n, puesto que, entre otras:<\/p>\n<p style=\"font-weight: 400;\">(a) facilita la navegaci\u00f3n del usuario en el Sitio Web;<\/p>\n<p style=\"font-weight: 400;\">(b) facilita al usuario el acceso a los diferentes servicios que ofrece el Sitio Web;<\/p>\n<p style=\"font-weight: 400;\">(c) evita al usuario volver a configurar las caracter\u00edsticas generales predefinidas cada vez que accede al Sitio Web;<\/p>\n<p style=\"font-weight: 400;\">(d) favorece la mejora del funcionamiento y de los servicios prestados a trav\u00e9s del Sitio Web, tras el correspondiente an\u00e1lisis de la informaci\u00f3n obtenida a trav\u00e9s de las cookies instaladas;<\/p>\n<p style=\"font-weight: 400;\">(e) permiten a un Sitio Web, entre otras cosas, almacenar y recuperar informaci\u00f3n sobre los h\u00e1bitos de navegaci\u00f3n de un usuario o de su equipo y, dependiendo de la informaci\u00f3n que contengan y de la forma en que utilice su equipo, pueden utilizarse para reconocer al usuario.\u00a0<\/p>\n<p style=\"font-weight: 400;\">La mayor\u00eda de los navegadores aceptan como est\u00e1ndar las cookies y, con independencia de las mismas, permiten o impiden en los ajustes de seguridad las cookies temporales o memorizadas.<\/p>\n<p style=\"font-weight: 400;\">Tenga en cuenta que, para poder utilizar y contar con una mejor experiencia de navegaci\u00f3n, es necesario que tenga habilitadas las cookies, especialmente aquellas de car\u00e1cter t\u00e9cnico que resultan necesarias para que puedan identificarle como usuario registrado cada vez que acceda a la presente web.<\/p>\n<p style=\"font-weight: 400;\">En caso de no querer recibir cookies, por favor, configure su navegador de internet, para que las borre del disco duro de su ordenador, las bloquee o le avise en su caso de instalaci\u00f3n de las mismas.\u00a0<\/p>\n<ol start=\"2\">\n<li><strong>\u00bfQU\u00c9 TIPOS DE COOKIES UTILIZA ESTA P\u00c1GINA WEB?<\/strong><\/li>\n<\/ol>\n<p style=\"font-weight: 400;\"><strong>Cookies utilizadas en este sitio web<\/strong><\/p>\n<p style=\"font-weight: 400;\">Siguiendo las directrices de la Agencia Espa\u00f1ola de Protecci\u00f3n de Datos, procedemos a detallar el uso de las cookies que esta p\u00e1gina web emplea, con el fin de proporcionarle la m\u00e1xima informaci\u00f3n posible.<\/p>\n<p style=\"font-weight: 400;\"><strong>Cookies Propias<\/strong><\/p>\n<p style=\"font-weight: 400;\">Son aquellas que se env\u00edan al equipo terminal del usuario desde un equipo o dominio gestionado por el propio editor y desde el que se presta el servicio solicitado por el usuario.<\/p>\n<p style=\"font-weight: 400;\">\u00a0A continuaci\u00f3n detallamos la lista de las cookies que utilizamos:<\/p>\n<table width=\"1140\" style=\"font-weight: 400;\">\n<thead>\n<tr>\n<td>\n<p><strong>Nombre<\/strong><\/p>\n<\/td>\n<td>\n<p><strong>Tipo<\/strong><\/p>\n<\/td>\n<td>\n<p><strong>Proveedor<\/strong><\/p>\n<\/td>\n<td>\n<p><strong>Finalidad<\/strong><\/p>\n<\/td>\n<td>\n<p><strong>Duraci\u00f3n<\/strong><\/p>\n<\/td>\n<\/tr>\n<\/thead>\n<tbody>\n<tr>\n<td>\n<p>wp-wpml_current_admin_language_d41d8cd98f00b204e9800998ecf8427e<\/p>\n<\/td>\n<td>\n<p>Propia<\/p>\n<\/td>\n<td>\n<p>WPML<\/p>\n<\/td>\n<td>\n<p>Funcionalidad<\/p>\n<\/td>\n<td>\n<p>1 d\u00eda<\/p>\n<\/td>\n<\/tr>\n<tr>\n<td>\n<p>wordpress_test_cookie<\/p>\n<\/td>\n<td>\n<p>Propia<\/p>\n<\/td>\n<td>\n<p>WordPress<\/p>\n<\/td>\n<td>\n<p>Funcionalidad<\/p>\n<\/td>\n<td>\n<p>Sesi\u00f3n<\/p>\n<\/td>\n<\/tr>\n<tr>\n<td>\n<p>wp-wpml_current_language<\/p>\n<\/td>\n<td>\n<p>Propia<\/p>\n<\/td>\n<td>\n<p>WPML<\/p>\n<\/td>\n<td>\n<p>Funcionalidad<\/p>\n<\/td>\n<td>\n<p>Sesi\u00f3n<\/p>\n<\/td>\n<\/tr>\n<tr>\n<td>\n<p>wordpress_logged_in_277792de5f209d6eef633aeab49f6279<\/p>\n<\/td>\n<td>\n<p>Propia<\/p>\n<\/td>\n<td>\n<p>WordPress<\/p>\n<\/td>\n<td>\n<p>Funcionalidad<\/p>\n<\/td>\n<td>\n<p>Sesi\u00f3n<\/p>\n<\/td>\n<\/tr>\n<tr>\n<td>\n<p>wp-settings-time-1<\/p>\n<\/td>\n<td>\n<p>Propia<\/p>\n<\/td>\n<td>\n<p>WordPress<\/p>\n<\/td>\n<td>\n<p>Funcionalidad<\/p>\n<\/td>\n<td>\n<p>Sesi\u00f3n<\/p>\n<\/td>\n<\/tr>\n<tr>\n<td>\n<p>wp-settings-1<\/p>\n<\/td>\n<td>\n<p>Propia<\/p>\n<\/td>\n<td>\n<p>WordPress<\/p>\n<\/td>\n<td>\n<p>Funcionalidad<\/p>\n<\/td>\n<td>\n<p>Sesi\u00f3n<\/p>\n<\/td>\n<\/tr>\n<\/tbody>\n<\/table>\n<p style=\"font-weight: 400;\"><strong>Cookies de terceros<\/strong><\/p>\n<p style=\"font-weight: 400;\">Son aquellas que se env\u00edan al equipo terminal del usuario desde un equipo o dominio que no es gestionado por el editor, sino por otra entidad que trata los datos obtenidos a trav\u00e9s de las cookies.<\/p>\n<p style=\"font-weight: 400;\">A continuaci\u00f3n, la lista de las que utilizamos:<\/p>\n<table width=\"1140\" style=\"font-weight: 400;\">\n<thead>\n<tr>\n<td>\n<p><strong>Nombre<\/strong><\/p>\n<\/td>\n<td>\n<p><strong>Tipo<\/strong><\/p>\n<\/td>\n<td>\n<p><strong>Proveedor<\/strong><\/p>\n<\/td>\n<td>\n<p><strong>Finalidad<\/strong><\/p>\n<\/td>\n<td>\n<p><strong>Duraci\u00f3n<\/strong><\/p>\n<\/td>\n<\/tr>\n<\/thead>\n<tbody>\n<tr>\n<td>\n<p>cmplz_marketing<\/p>\n<\/td>\n<td>\n<p>Terceros<\/p>\n<\/td>\n<td>\n<p>Complianz<\/p>\n<\/td>\n<td>\n<p>Marketing<\/p>\n<\/td>\n<td>\n<p>Sesi\u00f3n<\/p>\n<\/td>\n<\/tr>\n<tr>\n<td>\n<p>_fbp<\/p>\n<\/td>\n<td>\n<p>Terceros<\/p>\n<\/td>\n<td>\n<p>Facebook<\/p>\n<\/td>\n<td>\n<p>Marketing<\/p>\n<\/td>\n<td>\n<p>Sesi\u00f3n<\/p>\n<\/td>\n<\/tr>\n<tr>\n<td>\n<p>_GRECAPTCHA<\/p>\n<\/td>\n<td>\n<p>Terceros<\/p>\n<\/td>\n<td>\n<p>Google<\/p>\n<\/td>\n<td>\n<p>Seguridad<\/p>\n<\/td>\n<td>\n<p>Sesi\u00f3n<\/p>\n<\/td>\n<\/tr>\n<tr>\n<td>\n<p>OTZ<\/p>\n<\/td>\n<td>\n<p>Terceros<\/p>\n<\/td>\n<td>\n<p>Google<\/p>\n<\/td>\n<td>\n<p>Medici\u00f3n<\/p>\n<\/td>\n<td>\n<p>1 mes<\/p>\n<\/td>\n<\/tr>\n<tr>\n<td>\n<p>cmplz_statistics<\/p>\n<\/td>\n<td>\n<p>Terceros<\/p>\n<\/td>\n<td>\n<p>Complianz<\/p>\n<\/td>\n<td>\n<p>Marketing<\/p>\n<\/td>\n<td>\n<p>Sesi\u00f3n<\/p>\n<\/td>\n<\/tr>\n<tr>\n<td>\n<p>_ga<\/p>\n<\/td>\n<td>\n<p>Terceros<\/p>\n<\/td>\n<td>\n<p>Google<\/p>\n<\/td>\n<td>\n<p>Medici\u00f3n<\/p>\n<\/td>\n<td>\n<p>1 d\u00eda<\/p>\n<\/td>\n<\/tr>\n<tr>\n<td>\n<p>_gcl_au<\/p>\n<\/td>\n<td>\n<p>Terceros<\/p>\n<\/td>\n<td>\n<p>Google<\/p>\n<\/td>\n<td>\n<p>Medici\u00f3n<\/p>\n<\/td>\n<td>\n<p>1 d\u00eda<\/p>\n<\/td>\n<\/tr>\n<tr>\n<td>\n<p>_gid<\/p>\n<\/td>\n<td>\n<p>Terceros<\/p>\n<\/td>\n<td>\n<p>Google<\/p>\n<\/td>\n<td>\n<p>Medici\u00f3n<\/p>\n<\/td>\n<td>\n<p>1 d\u00eda<\/p>\n<\/td>\n<\/tr>\n<tr>\n<td>\n<p>_ga_D019NZP3HD<\/p>\n<\/td>\n<td>\n<p>Terceros<\/p>\n<\/td>\n<td>\n<p>Google<\/p>\n<\/td>\n<td>\n<p>Medici\u00f3n<\/p>\n<\/td>\n<td>\n<p>1 d\u00eda<\/p>\n<\/td>\n<\/tr>\n<tr>\n<td>\n<p>SIDCC<\/p>\n<\/td>\n<td>\n<p>Terceros<\/p>\n<\/td>\n<td>\n<p>Google<\/p>\n<\/td>\n<td>\n<p>Publicitaria<\/p>\n<\/td>\n<td>\n<p>3 meses<\/p>\n<\/td>\n<\/tr>\n<tr>\n<td>\n<p>SSID<\/p>\n<\/td>\n<td>\n<p>Terceros<\/p>\n<\/td>\n<td>\n<p>Google<\/p>\n<\/td>\n<td>\n<p>Publicitaria<\/p>\n<\/td>\n<td>\n<p>3 meses<\/p>\n<\/td>\n<\/tr>\n<tr>\n<td>\n<p>1P_JAR<\/p>\n<\/td>\n<td>\n<p>Terceros<\/p>\n<\/td>\n<td>\n<p>Google<\/p>\n<\/td>\n<td>\n<p>Publicitaria<\/p>\n<\/td>\n<td>\n<p>1 semana<\/p>\n<\/td>\n<\/tr>\n<tr>\n<td>\n<p>SOCS<\/p>\n<\/td>\n<td>\n<p>Terceros<\/p>\n<\/td>\n<td>\n<p>Google<\/p>\n<\/td>\n<td>\n<p>Funcionalidad<\/p>\n<\/td>\n<td>\n<p>13 meses<\/p>\n<\/td>\n<\/tr>\n<tr>\n<td>\n<p>SID<\/p>\n<\/td>\n<td>\n<p>Terceros<\/p>\n<\/td>\n<td>\n<p>Google<\/p>\n<\/td>\n<td>\n<p>Publicitaria<\/p>\n<\/td>\n<td>\n<p>2 a\u00f1os<\/p>\n<\/td>\n<\/tr>\n<tr>\n<td>\n<p>AEC<\/p>\n<\/td>\n<td>\n<p>Terceros<\/p>\n<\/td>\n<td>\n<p>Google<\/p>\n<\/td>\n<td>\n<p>Marketing<\/p>\n<\/td>\n<td>\n<p>2 a\u00f1os<\/p>\n<\/td>\n<\/tr>\n<tr>\n<td>\n<p>CONSENT<\/p>\n<\/td>\n<td>\n<p>Terceros<\/p>\n<\/td>\n<td>\n<p>Google<\/p>\n<\/td>\n<td>\n<p>Publicitaria<\/p>\n<\/td>\n<td>\n<p>1 a\u00f1o<\/p>\n<\/td>\n<\/tr>\n<tr>\n<td>\n<p>APISID<\/p>\n<\/td>\n<td>\n<p>Terceros<\/p>\n<\/td>\n<td>\n<p>Google<\/p>\n<\/td>\n<td>\n<p>T\u00e9cnica<\/p>\n<\/td>\n<td>\n<p>2 a\u00f1os<\/p>\n<\/td>\n<\/tr>\n<tr>\n<td>\n<p>HSID<\/p>\n<\/td>\n<td>\n<p>Terceros<\/p>\n<\/td>\n<td>\n<p>Google<\/p>\n<\/td>\n<td>\n<p>T\u00e9cnica<\/p>\n<\/td>\n<td>\n<p>2 a\u00f1os<\/p>\n<\/td>\n<\/tr>\n<tr>\n<td>\n<p>SAPISID<\/p>\n<\/td>\n<td>\n<p>Terceros<\/p>\n<\/td>\n<td>\n<p>Google<\/p>\n<\/td>\n<td>\n<p>T\u00e9cnica<\/p>\n<\/td>\n<td>\n<p>1 a\u00f1o<\/p>\n<\/td>\n<\/tr>\n<tr>\n<td>\n<p>NID<\/p>\n<\/td>\n<td>\n<p>Terceros<\/p>\n<\/td>\n<td>\n<p>Google<\/p>\n<\/td>\n<td>\n<p>Publicitaria<\/p>\n<\/td>\n<td>\n<p>6 meses<\/p>\n<\/td>\n<\/tr>\n<tr>\n<td>\n<p>cmplz_preferences<\/p>\n<\/td>\n<td>\n<p>Terceros<\/p>\n<\/td>\n<td>\n<p>Complianz<\/p>\n<\/td>\n<td>\n<p>Medici\u00f3n<\/p>\n<\/td>\n<td>\n<p>1 d\u00eda<\/p>\n<\/td>\n<\/tr>\n<tr>\n<td>\n<p>cmplz_functional<\/p>\n<\/td>\n<td>\n<p>Terceros<\/p>\n<\/td>\n<td>\n<p>Complianz<\/p>\n<\/td>\n<td>\n<p>Medici\u00f3n<\/p>\n<\/td>\n<td>\n<p>1 d\u00eda<\/p>\n<\/td>\n<\/tr>\n<tr>\n<td>\n<p>cmplz_consented_services<\/p>\n<\/td>\n<td>\n<p>Terceros<\/p>\n<\/td>\n<td>\n<p>Complianz<\/p>\n<\/td>\n<td>\n<p>Medici\u00f3n<\/p>\n<\/td>\n<td>\n<p>1 d\u00eda<\/p>\n<\/td>\n<\/tr>\n<tr>\n<td>\n<p>cmplz_policy_id<\/p>\n<\/td>\n<td>\n<p>Terceros<\/p>\n<\/td>\n<td>\n<p>Complianz<\/p>\n<\/td>\n<td>\n<p>Medici\u00f3n<\/p>\n<\/td>\n<td>\n<p>1 d\u00eda<\/p>\n<\/td>\n<\/tr>\n<tr>\n<td>\n<p>cmplz_banner-status<\/p>\n<\/td>\n<td>\n<p>Terceros<\/p>\n<\/td>\n<td>\n<p>Complianz<\/p>\n<\/td>\n<td>\n<p>Medici\u00f3n<\/p>\n<\/td>\n<td>\n<p>1 d\u00eda<\/p>\n<\/td>\n<\/tr>\n<\/tbody>\n<\/table>\n<p style=\"font-weight: 400;\">DESARROLLOS URBANISTICOS MAGTEL, S.L. no se hace responsable, en ning\u00fan caso, ni del contenido ni de la veracidad de las pol\u00edticas y\/o condiciones de uso y privacidad de los terceros incluidos a trav\u00e9s de los enlaces en esta pol\u00edtica.<\/p>\n<ul style=\"font-weight: 400;\">\n<li><strong>CONSENTIMIENTO\u00a0<\/strong><\/li>\n<\/ul>\n<p style=\"font-weight: 400;\">En relaci\u00f3n con la utilizaci\u00f3n de cookies de este sitio web, el usuario autoriza y consiente su uso de la siguiente forma:<\/p>\n<p style=\"font-weight: 400;\">Cuando el usuario accede a cualquier p\u00e1gina de la web, ver\u00e1 un aviso donde se indica que la p\u00e1gina web de DESARROLLOS URBANISTICOS MAGTEL, S.L. utiliza cookies, pudiendo el usuario aceptar o rechazar el uso de las mismas a trav\u00e9s del panel de configuraci\u00f3n. Al hacer clic en aceptar, usted acepta el uso de nuestras cookies y, en su caso, las de los terceros. A estos efectos, le indicamos que el panel de configuraci\u00f3n\/privacidad permite la posibilidad de aceptarlas o rechazarlas por tipolog\u00eda.<\/p>\n<ul style=\"font-weight: 400;\">\n<li><strong>PLAZOS O CRITERIOS DE CONSERVACI\u00d3N DE LOS DATOS.<\/strong><\/li>\n<\/ul>\n<p style=\"font-weight: 400;\">Los datos obtenidos a trav\u00e9s del uso de las cookies por usted seleccionadas, ser\u00e1n conservados durante el tiempo necesario para cumplir con las finalidades para los que fueron recopilados y durante el periodo de tiempo establecido en el apartado \u00ab<em>QU\u00c9 TIPOS DE COOKIES UTILIZA ESTA P\u00c1GINA WEB<\/em>\u00bb de la presente pol\u00edtica, para cada una de las cookies instaladas en el dispositivo.<\/p>\n<ul style=\"font-weight: 400;\">\n<li><strong>C\u00d3MO BLOQUEAR REVOCAR O ELIMINAR LAS COOKIES INSTALADAS<\/strong><\/li>\n<\/ul>\n<p style=\"font-weight: 400;\">Puede usted permitir, bloquear, revocar o eliminar las cookies instaladas en su equipo mediante la configuraci\u00f3n de las opciones de su navegador. Puede encontrar informaci\u00f3n sobre c\u00f3mo hacerlo, en relaci\u00f3n con los navegadores m\u00e1s comunes, en los links que se incluyen a continuaci\u00f3n:\u00a0<\/p>\n<ul style=\"font-weight: 400;\">\n<li>\u00a0Explorer:\u00a0<a href=\"https:\/\/support.microsoft.com\/es-es\/kb\/278835\">https:\/\/support.microsoft.com\/es-es\/kb\/278835<\/a><\/li>\n<li>\u00a0Microsoft Edge:\u00a0<a href=\"https:\/\/privacy.microsoft.com\/es-es\/windows-10-microsoft-edge-and-privacy\">https:\/\/privacy.microsoft.com\/es-es\/windows-10-microsoft-edge-and-privacy<\/a><\/li>\n<li>Chrome:<a href=\"http:\/\/support.google.com\/chrome\/bin\/answer.py?hl=es&amp;answer=95647\">https:\/\/support.google.com\/chrome\/answer\/95647?co=GENIE.Platform%3DDesktop&amp;hl=esttp:\/\/support.google.com\/chrome\/bin\/answer.py?hl=es&amp;answer=95647<\/a><\/li>\n<li>\u00a0Firefox:\u00a0<a href=\"http:\/\/support.mozilla.org\/es\/kb\/Borrar%20cookies\">http:\/\/support.mozilla.org\/es\/kb\/Borrar%20cookies<\/a><\/li>\n<li>\u00a0Safari:\u00a0<a href=\"http:\/\/support.apple.com\/kb\/ph5042\">http:\/\/support.apple.com\/kb\/ph5042<\/a>.<\/li>\n<li>\u00a0Opera:\u00a0<a href=\"https:\/\/help.opera.com\/en\/latest\/web-preferences\/#cookies\">https:\/\/help.opera.com\/en\/latest\/web-preferences\/#cookies<\/a><\/li>\n<\/ul>\n<p style=\"font-weight: 400;\">Para poder revocar las cookies inicialmente aceptadas, haga clic en Revocar cookies\u00a0<\/p>\n<ul style=\"font-weight: 400;\">\n<li><strong>TRANSFERENCIAS INTERNACIONALES DE DATOS<\/strong><\/li>\n<\/ul>\n<p style=\"font-weight: 400;\">En cumplimiento de lo establecido en el Reglamento Europeo 2016\/679 del Parlamento Europeo y del Consejo de 27 de abril de 2016, el Reglamento General de Protecci\u00f3n de Datos de la Uni\u00f3n Europea y la Ley Org\u00e1nica 3\/2018, de 5 de diciembre, de Protecci\u00f3n de Datos Personales y garant\u00eda de los derechos digitales, te informamos que, como consecuencia de los proveedores empleados, la entidad realiza las siguientes transferencias internacionales de datos a destinatarios establecidos fuera del Espacio Econ\u00f3mico Europeo (EEE):\u00a0<\/p>\n<p style=\"font-weight: 400;\">\n<table width=\"662\">\n<thead>\n<tr>\n<td width=\"130\">\n<p><strong>Pa\u00eds<\/strong><\/p>\n<\/td>\n<td width=\"173\">\n<p><strong>Finalidad<\/strong><\/p>\n<\/td>\n<td width=\"189\">\n<p><strong>Tipolog\u00edas de Datos<\/strong><\/p>\n<\/td>\n<td width=\"170\">\n<p><strong>Garant\u00eda<\/strong><\/p>\n<\/td>\n<\/tr>\n<\/thead>\n<tbody>\n<tr>\n<td width=\"130\">\n<p>EE.UU<\/p>\n<\/td>\n<td width=\"173\">\n<p>MEDICI\u00d3N Y AN\u00c1LISIS<\/p>\n<\/td>\n<td width=\"189\">\n<p>-Datos identificativos: IP<\/p>\n<\/td>\n<td width=\"170\">\n<p>Excepci\u00f3n del art. 49.1.a) RGPD<\/p>\n<p>-Consentimiento expreso del interesado<\/p>\n<\/td>\n<\/tr>\n<\/tbody>\n<\/table>\n<ul style=\"font-weight: 400;\"><\/ul>\n<ul style=\"font-weight: 400;\">\n<li><strong>DESTINATARIOS DE LA INFORMACI\u00d3N<\/strong><\/li>\n<\/ul>\n<p style=\"font-weight: 400;\">Le informamos de que las empresas colaboradoras detalladas en el Panel de Configuraci\u00f3n tienen acceso a la informaci\u00f3n obtenida a trav\u00e9s de las cookies del sitio web. Asimismo, le informamos de que algunos de nuestros proveedores as\u00ed como empresas colaboradoras pueden realizar transferencias a terceros pa\u00edses. A estos efectos, le recomendamos que visite sus respectivas pol\u00edticas de privacidad, las cuales se encuentran accesibles a trav\u00e9s de los enlaces facilitados en el Panel de Configuraci\u00f3n.<\/p>\n<ul style=\"font-weight: 400;\">\n<li><strong>MODIFICACIONES. ACTUALIZACI\u00d3N\u00a0<\/strong><\/li>\n<\/ul>\n<p style=\"font-weight: 400;\">La presente pol\u00edtica de cookies puede verse modificada\/actualizada en funci\u00f3n de las exigencias legales establecidas o con la finalidad de adaptar dicha pol\u00edtica a las instrucciones dictadas por la Agencia Espa\u00f1ola de Protecci\u00f3n de Datos o por actualizaci\u00f3n de nuestro sitio web. Por esta raz\u00f3n, aconsejamos a los usuarios que visiten peri\u00f3dicamente nuestra pol\u00edtica de cookies.\u00a0<\/p>\n<p style=\"font-weight: 400;\">Si tiene dudas acerca de esta pol\u00edtica de cookies, puede contactar con DESARROLLOS URBANISTICOS MAGTEL, S.L. a trav\u00e9s del siguiente correo electr\u00f3nico \u00a0<a href=\"mailto:protecciondatos@magtel.es\">protecciondatos@magtel.es<\/a><\/p>\n<p style=\"font-weight: 400;\">Para obtener informaci\u00f3n adicional sobre el tratamiento de sus datos personales acuda a nuestra\u00a0<a href=\"https:\/\/magtel.es\/politica-de-cookies\/\">Pol\u00edtica de Privacidad<\/a>\u00a0\u00a0<\/p>\n<p>[\/et_pb_text][\/et_pb_column][\/et_pb_row][\/et_pb_section]<\/p>\n","protected":false},"excerpt":{"rendered":"<p>El objetivo de esta pol\u00edtica es informar a los interesados acerca de las cookies que emplea esta p\u00e1gina web, de conformidad con lo establecido en la Ley 34\/2002, de 11 de julio, de Servicios de la Sociedad de la Informaci\u00f3n y de Comercio Electr\u00f3nico,\u00a0 y el Reglamento (UE) 2016\/679 del Parlamento Europeo y del Consejo [&hellip;]<\/p>\n","protected":false},"author":1,"featured_media":0,"parent":0,"menu_order":0,"comment_status":"closed","ping_status":"closed","template":"","meta":{"_et_pb_use_builder":"on","_et_pb_old_content":"","_et_gb_content_width":"","footnotes":""},"class_list":["post-298","page","type-page","status-publish","hentry"],"yoast_head":"<!-- This site is optimized with the Yoast SEO plugin v25.9 - https:\/\/yoast.com\/wordpress\/plugins\/seo\/ -->\n<title>Pol\u00edtica de Cookies - Residencial Montesol<\/title>\n<meta name=\"robots\" content=\"index, follow, max-snippet:-1, max-image-preview:large, max-video-preview:-1\" \/>\n<link rel=\"canonical\" href=\"https:\/\/residencialmontesol.com\/index.php\/politica-de-cookies\/\" \/>\n<meta property=\"og:locale\" content=\"es_ES\" \/>\n<meta property=\"og:type\" content=\"article\" \/>\n<meta property=\"og:title\" content=\"Pol\u00edtica de Cookies - Residencial Montesol\" \/>\n<meta property=\"og:description\" content=\"El objetivo de esta pol\u00edtica es informar a los interesados acerca de las cookies que emplea esta p\u00e1gina web, de conformidad con lo establecido en la Ley 34\/2002, de 11 de julio, de Servicios de la Sociedad de la Informaci\u00f3n y de Comercio Electr\u00f3nico,\u00a0 y el Reglamento (UE) 2016\/679 del Parlamento Europeo y del Consejo [&hellip;]\" \/>\n<meta property=\"og:url\" content=\"https:\/\/residencialmontesol.com\/index.php\/politica-de-cookies\/\" \/>\n<meta property=\"og:site_name\" content=\"Residencial Montesol\" \/>\n<meta property=\"article:modified_time\" content=\"2025-09-18T17:40:50+00:00\" \/>\n<meta name=\"twitter:card\" content=\"summary_large_image\" \/>\n<meta name=\"twitter:label1\" content=\"Tiempo de lectura\" \/>\n\t<meta name=\"twitter:data1\" content=\"8 minutos\" \/>\n<script type=\"application\/ld+json\" class=\"yoast-schema-graph\">{\"@context\":\"https:\/\/schema.org\",\"@graph\":[{\"@type\":\"WebPage\",\"@id\":\"https:\/\/residencialmontesol.com\/index.php\/politica-de-cookies\/\",\"url\":\"https:\/\/residencialmontesol.com\/index.php\/politica-de-cookies\/\",\"name\":\"Pol\u00edtica de Cookies - Residencial Montesol\",\"isPartOf\":{\"@id\":\"https:\/\/residencialmontesol.com\/#website\"},\"datePublished\":\"2025-09-18T17:31:30+00:00\",\"dateModified\":\"2025-09-18T17:40:50+00:00\",\"breadcrumb\":{\"@id\":\"https:\/\/residencialmontesol.com\/index.php\/politica-de-cookies\/#breadcrumb\"},\"inLanguage\":\"es\",\"potentialAction\":[{\"@type\":\"ReadAction\",\"target\":[\"https:\/\/residencialmontesol.com\/index.php\/politica-de-cookies\/\"]}]},{\"@type\":\"BreadcrumbList\",\"@id\":\"https:\/\/residencialmontesol.com\/index.php\/politica-de-cookies\/#breadcrumb\",\"itemListElement\":[{\"@type\":\"ListItem\",\"position\":1,\"name\":\"Portada\",\"item\":\"https:\/\/residencialmontesol.com\/\"},{\"@type\":\"ListItem\",\"position\":2,\"name\":\"Pol\u00edtica de Cookies\"}]},{\"@type\":\"WebSite\",\"@id\":\"https:\/\/residencialmontesol.com\/#website\",\"url\":\"https:\/\/residencialmontesol.com\/\",\"name\":\"Residencial Montesol\",\"description\":\"Espacios que cambian vidas\",\"potentialAction\":[{\"@type\":\"SearchAction\",\"target\":{\"@type\":\"EntryPoint\",\"urlTemplate\":\"https:\/\/residencialmontesol.com\/?s={search_term_string}\"},\"query-input\":{\"@type\":\"PropertyValueSpecification\",\"valueRequired\":true,\"valueName\":\"search_term_string\"}}],\"inLanguage\":\"es\"}]}<\/script>\n<!-- \/ Yoast SEO plugin. -->","yoast_head_json":{"title":"Pol\u00edtica de Cookies - Residencial Montesol","robots":{"index":"index","follow":"follow","max-snippet":"max-snippet:-1","max-image-preview":"max-image-preview:large","max-video-preview":"max-video-preview:-1"},"canonical":"https:\/\/residencialmontesol.com\/index.php\/politica-de-cookies\/","og_locale":"es_ES","og_type":"article","og_title":"Pol\u00edtica de Cookies - Residencial Montesol","og_description":"El objetivo de esta pol\u00edtica es informar a los interesados acerca de las cookies que emplea esta p\u00e1gina web, de conformidad con lo establecido en la Ley 34\/2002, de 11 de julio, de Servicios de la Sociedad de la Informaci\u00f3n y de Comercio Electr\u00f3nico,\u00a0 y el Reglamento (UE) 2016\/679 del Parlamento Europeo y del Consejo [&hellip;]","og_url":"https:\/\/residencialmontesol.com\/index.php\/politica-de-cookies\/","og_site_name":"Residencial Montesol","article_modified_time":"2025-09-18T17:40:50+00:00","twitter_card":"summary_large_image","twitter_misc":{"Tiempo de lectura":"8 minutos"},"schema":{"@context":"https:\/\/schema.org","@graph":[{"@type":"WebPage","@id":"https:\/\/residencialmontesol.com\/index.php\/politica-de-cookies\/","url":"https:\/\/residencialmontesol.com\/index.php\/politica-de-cookies\/","name":"Pol\u00edtica de Cookies - Residencial Montesol","isPartOf":{"@id":"https:\/\/residencialmontesol.com\/#website"},"datePublished":"2025-09-18T17:31:30+00:00","dateModified":"2025-09-18T17:40:50+00:00","breadcrumb":{"@id":"https:\/\/residencialmontesol.com\/index.php\/politica-de-cookies\/#breadcrumb"},"inLanguage":"es","potentialAction":[{"@type":"ReadAction","target":["https:\/\/residencialmontesol.com\/index.php\/politica-de-cookies\/"]}]},{"@type":"BreadcrumbList","@id":"https:\/\/residencialmontesol.com\/index.php\/politica-de-cookies\/#breadcrumb","itemListElement":[{"@type":"ListItem","position":1,"name":"Portada","item":"https:\/\/residencialmontesol.com\/"},{"@type":"ListItem","position":2,"name":"Pol\u00edtica de Cookies"}]},{"@type":"WebSite","@id":"https:\/\/residencialmontesol.com\/#website","url":"https:\/\/residencialmontesol.com\/","name":"Residencial Montesol","description":"Espacios que cambian vidas","potentialAction":[{"@type":"SearchAction","target":{"@type":"EntryPoint","urlTemplate":"https:\/\/residencialmontesol.com\/?s={search_term_string}"},"query-input":{"@type":"PropertyValueSpecification","valueRequired":true,"valueName":"search_term_string"}}],"inLanguage":"es"}]}},"_links":{"self":[{"href":"https:\/\/residencialmontesol.com\/index.php\/wp-json\/wp\/v2\/pages\/298","targetHints":{"allow":["GET"]}}],"collection":[{"href":"https:\/\/residencialmontesol.com\/index.php\/wp-json\/wp\/v2\/pages"}],"about":[{"href":"https:\/\/residencialmontesol.com\/index.php\/wp-json\/wp\/v2\/types\/page"}],"author":[{"embeddable":true,"href":"https:\/\/residencialmontesol.com\/index.php\/wp-json\/wp\/v2\/users\/1"}],"replies":[{"embeddable":true,"href":"https:\/\/residencialmontesol.com\/index.php\/wp-json\/wp\/v2\/comments?post=298"}],"version-history":[{"count":3,"href":"https:\/\/residencialmontesol.com\/index.php\/wp-json\/wp\/v2\/pages\/298\/revisions"}],"predecessor-version":[{"id":302,"href":"https:\/\/residencialmontesol.com\/index.php\/wp-json\/wp\/v2\/pages\/298\/revisions\/302"}],"wp:attachment":[{"href":"https:\/\/residencialmontesol.com\/index.php\/wp-json\/wp\/v2\/media?parent=298"}],"curies":[{"name":"wp","href":"https:\/\/api.w.org\/{rel}","templated":true}]}}